{"id":1194,"date":"2021-03-17T08:59:16","date_gmt":"2021-03-17T08:59:16","guid":{"rendered":"https:\/\/phonecelquilla.com\/index.php\/contact\/"},"modified":"2024-02-08T18:58:42","modified_gmt":"2024-02-08T23:58:42","slug":"contactanos","status":"publish","type":"page","link":"https:\/\/phonecelquilla.com\/index.php\/contactanos\/","title":{"rendered":"Contactanos"},"content":{"rendered":"\t\t<div data-elementor-type=\"wp-page\" data-elementor-id=\"1194\" class=\"elementor elementor-1194\">\n\t\t\t\t\t\t<section class=\"elementor-section elementor-top-section elementor-element elementor-element-a727096 elementor-section-boxed elementor-section-height-default elementor-section-height-default\" data-id=\"a727096\" data-element_type=\"section\" data-settings=\"{&quot;background_background&quot;:&quot;classic&quot;}\">\n\t\t\t\t\t\t\t<div class=\"elementor-background-overlay\"><\/div>\n\t\t\t\t\t\t\t<div class=\"elementor-container elementor-column-gap-no\">\n\t\t\t\t\t<div class=\"elementor-column elementor-col-100 elementor-top-column elementor-element elementor-element-4ae38d1\" data-id=\"4ae38d1\" data-element_type=\"column\">\n\t\t\t<div class=\"elementor-widget-wrap elementor-element-populated\">\n\t\t\t\t\t\t<div class=\"elementor-element elementor-element-e569521 elementor-widget elementor-widget-heading\" data-id=\"e569521\" data-element_type=\"widget\" data-widget_type=\"heading.default\">\n\t\t\t\t<div class=\"elementor-widget-container\">\n\t\t\t<style>\/*! elementor - v3.22.0 - 26-06-2024 *\/\n.elementor-heading-title{padding:0;margin:0;line-height:1}.elementor-widget-heading .elementor-heading-title[class*=elementor-size-]>a{color:inherit;font-size:inherit;line-height:inherit}.elementor-widget-heading .elementor-heading-title.elementor-size-small{font-size:15px}.elementor-widget-heading .elementor-heading-title.elementor-size-medium{font-size:19px}.elementor-widget-heading .elementor-heading-title.elementor-size-large{font-size:29px}.elementor-widget-heading .elementor-heading-title.elementor-size-xl{font-size:39px}.elementor-widget-heading .elementor-heading-title.elementor-size-xxl{font-size:59px}<\/style><h1 class=\"elementor-heading-title elementor-size-default\">Cont\u00e1ctanos<\/h1>\t\t<\/div>\n\t\t\t\t<\/div>\n\t\t\t\t\t<\/div>\n\t\t<\/div>\n\t\t\t\t\t<\/div>\n\t\t<\/section>\n\t\t\t\t<section class=\"elementor-section elementor-top-section elementor-element elementor-element-064aeba elementor-section-full_width elementor-section-height-default elementor-section-height-default\" data-id=\"064aeba\" data-element_type=\"section\">\n\t\t\t\t\t\t<div class=\"elementor-container elementor-column-gap-default\">\n\t\t\t\t\t<div class=\"elementor-column elementor-col-100 elementor-top-column elementor-element elementor-element-8c66369\" data-id=\"8c66369\" data-element_type=\"column\">\n\t\t\t<div class=\"elementor-widget-wrap elementor-element-populated\">\n\t\t\t\t\t\t<div class=\"elementor-element elementor-element-c46d742 elementor-widget elementor-widget-google_maps\" data-id=\"c46d742\" data-element_type=\"widget\" data-widget_type=\"google_maps.default\">\n\t\t\t\t<div class=\"elementor-widget-container\">\n\t\t\t<style>\/*! elementor - v3.22.0 - 26-06-2024 *\/\n.elementor-widget-google_maps .elementor-widget-container{overflow:hidden}.elementor-widget-google_maps .elementor-custom-embed{line-height:0}.elementor-widget-google_maps iframe{height:300px}<\/style>\t\t<div class=\"elementor-custom-embed\">\n\t\t\t<iframe loading=\"lazy\"\n\t\t\t\t\tsrc=\"https:\/\/maps.google.com\/maps?q=Cra.%2057%20%2399A-65%2C%20Barranquilla%2C%20Atl%C3%A1ntico&#038;t=m&#038;z=15&#038;output=embed&#038;iwloc=near\"\n\t\t\t\t\ttitle=\"Cra. 57 #99A-65, Barranquilla, Atl\u00e1ntico\"\n\t\t\t\t\taria-label=\"Cra. 57 #99A-65, Barranquilla, Atl\u00e1ntico\"\n\t\t\t><\/iframe>\n\t\t<\/div>\n\t\t\t\t<\/div>\n\t\t\t\t<\/div>\n\t\t\t\t\t<\/div>\n\t\t<\/div>\n\t\t\t\t\t<\/div>\n\t\t<\/section>\n\t\t\t\t<section class=\"elementor-section elementor-top-section elementor-element elementor-element-8735d12 elementor-section-boxed elementor-section-height-default elementor-section-height-default\" data-id=\"8735d12\" data-element_type=\"section\" data-settings=\"{&quot;background_background&quot;:&quot;classic&quot;}\">\n\t\t\t\t\t\t<div class=\"elementor-container elementor-column-gap-default\">\n\t\t\t\t\t<div class=\"elementor-column elementor-col-33 elementor-top-column elementor-element elementor-element-487fbeb\" data-id=\"487fbeb\" data-element_type=\"column\">\n\t\t\t<div class=\"elementor-widget-wrap elementor-element-populated\">\n\t\t\t\t\t\t<div class=\"elementor-element elementor-element-9ca1ad2 elementor-view-default elementor-position-top elementor-mobile-position-top elementor-widget elementor-widget-icon-box\" data-id=\"9ca1ad2\" data-element_type=\"widget\" data-widget_type=\"icon-box.default\">\n\t\t\t\t<div class=\"elementor-widget-container\">\n\t\t\t<link rel=\"stylesheet\" href=\"https:\/\/phonecelquilla.com\/wp-content\/plugins\/elementor\/assets\/css\/widget-icon-box.min.css\">\t\t<div class=\"elementor-icon-box-wrapper\">\n\n\t\t\t\t\t\t<div class=\"elementor-icon-box-icon\">\n\t\t\t\t<a href=\"https:\/\/api.whatsapp.com\/send?phone=573044265799&#038;text=%F0%9F%91%8BHola%20soy%20de%20la%20ciudad%20de%20(...)%20%20Estoy%20interesad%40%20en%20comprar%20un%20...%20\" class=\"elementor-icon elementor-animation-\" tabindex=\"-1\">\n\t\t\t\t<i aria-hidden=\"true\" class=\"fas fa-truck-moving\"><\/i>\t\t\t\t<\/a>\n\t\t\t<\/div>\n\t\t\t\n\t\t\t\t\t\t<div class=\"elementor-icon-box-content\">\n\n\t\t\t\t\t\t\t\t\t<h5 class=\"elementor-icon-box-title\">\n\t\t\t\t\t\t<a href=\"https:\/\/api.whatsapp.com\/send?phone=573044265799&#038;text=%F0%9F%91%8BHola%20soy%20de%20la%20ciudad%20de%20(...)%20%20Estoy%20interesad%40%20en%20comprar%20un%20...%20\" >\n\t\t\t\t\t\t\t(+57) 304 426 5799\t\t\t\t\t\t<\/a>\n\t\t\t\t\t<\/h5>\n\t\t\t\t\n\t\t\t\t\t\t\t\t\t<p class=\"elementor-icon-box-description\">\n\t\t\t\t\t\tEnv\u00edos Nacionales\t\t\t\t\t<\/p>\n\t\t\t\t\n\t\t\t<\/div>\n\t\t\t\n\t\t<\/div>\n\t\t\t\t<\/div>\n\t\t\t\t<\/div>\n\t\t\t\t\t<\/div>\n\t\t<\/div>\n\t\t\t\t<div class=\"elementor-column elementor-col-33 elementor-top-column elementor-element elementor-element-b903123\" data-id=\"b903123\" data-element_type=\"column\">\n\t\t\t<div class=\"elementor-widget-wrap elementor-element-populated\">\n\t\t\t\t\t\t<div class=\"elementor-element elementor-element-d53cc78 elementor-view-default elementor-position-top elementor-mobile-position-top elementor-widget elementor-widget-icon-box\" data-id=\"d53cc78\" data-element_type=\"widget\" data-widget_type=\"icon-box.default\">\n\t\t\t\t<div class=\"elementor-widget-container\">\n\t\t\t\t\t<div class=\"elementor-icon-box-wrapper\">\n\n\t\t\t\t\t\t<div class=\"elementor-icon-box-icon\">\n\t\t\t\t<a href=\"https:\/\/api.whatsapp.com\/send?phone=573006008484&#038;text=%F0%9F%91%8BHola%20%C2%BFC%C3%B3mo%20es%20el%20proceso%20de%20la%20garant%C3%ADa%3F\" class=\"elementor-icon elementor-animation-\" tabindex=\"-1\">\n\t\t\t\t<i aria-hidden=\"true\" class=\"fas fa-toolbox\"><\/i>\t\t\t\t<\/a>\n\t\t\t<\/div>\n\t\t\t\n\t\t\t\t\t\t<div class=\"elementor-icon-box-content\">\n\n\t\t\t\t\t\t\t\t\t<h5 class=\"elementor-icon-box-title\">\n\t\t\t\t\t\t<a href=\"https:\/\/api.whatsapp.com\/send?phone=573006008484&#038;text=%F0%9F%91%8BHola%20%C2%BFC%C3%B3mo%20es%20el%20proceso%20de%20la%20garant%C3%ADa%3F\" >\n\t\t\t\t\t\t\t(+57) 300 600 8484\t\t\t\t\t\t<\/a>\n\t\t\t\t\t<\/h5>\n\t\t\t\t\n\t\t\t\t\t\t\t\t\t<p class=\"elementor-icon-box-description\">\n\t\t\t\t\t\tGarant\u00edas\t\t\t\t\t<\/p>\n\t\t\t\t\n\t\t\t<\/div>\n\t\t\t\n\t\t<\/div>\n\t\t\t\t<\/div>\n\t\t\t\t<\/div>\n\t\t\t\t\t<\/div>\n\t\t<\/div>\n\t\t\t\t<div class=\"elementor-column elementor-col-33 elementor-top-column elementor-element elementor-element-aca8106\" data-id=\"aca8106\" data-element_type=\"column\">\n\t\t\t<div class=\"elementor-widget-wrap elementor-element-populated\">\n\t\t\t\t\t\t<div class=\"elementor-element elementor-element-7190204 elementor-view-default elementor-position-top elementor-mobile-position-top elementor-widget elementor-widget-icon-box\" data-id=\"7190204\" data-element_type=\"widget\" data-widget_type=\"icon-box.default\">\n\t\t\t\t<div class=\"elementor-widget-container\">\n\t\t\t\t\t<div class=\"elementor-icon-box-wrapper\">\n\n\t\t\t\t\t\t<div class=\"elementor-icon-box-icon\">\n\t\t\t\t<a href=\"https:\/\/api.whatsapp.com\/send?phone=573245628780&#038;text=%F0%9F%91%8BHola%20Tico%2C%20estoy%20interesad%40%20en%20comprar%20por%20mayor...\" class=\"elementor-icon elementor-animation-\" tabindex=\"-1\">\n\t\t\t\t<i aria-hidden=\"true\" class=\"fas fa-store\"><\/i>\t\t\t\t<\/a>\n\t\t\t<\/div>\n\t\t\t\n\t\t\t\t\t\t<div class=\"elementor-icon-box-content\">\n\n\t\t\t\t\t\t\t\t\t<h5 class=\"elementor-icon-box-title\">\n\t\t\t\t\t\t<a href=\"https:\/\/api.whatsapp.com\/send?phone=573245628780&#038;text=%F0%9F%91%8BHola%20Tico%2C%20estoy%20interesad%40%20en%20comprar%20por%20mayor...\" >\n\t\t\t\t\t\t\t(+57) 324 562 8780\t\t\t\t\t\t<\/a>\n\t\t\t\t\t<\/h5>\n\t\t\t\t\n\t\t\t\t\t\t\t\t\t<p class=\"elementor-icon-box-description\">\n\t\t\t\t\t\tCompras por Mayor\t\t\t\t\t<\/p>\n\t\t\t\t\n\t\t\t<\/div>\n\t\t\t\n\t\t<\/div>\n\t\t\t\t<\/div>\n\t\t\t\t<\/div>\n\t\t\t\t\t<\/div>\n\t\t<\/div>\n\t\t\t\t\t<\/div>\n\t\t<\/section>\n\t\t\t\t<section class=\"elementor-section elementor-top-section elementor-element elementor-element-1aed739 elementor-section-boxed elementor-section-height-default elementor-section-height-default\" data-id=\"1aed739\" data-element_type=\"section\" data-settings=\"{&quot;background_background&quot;:&quot;classic&quot;}\">\n\t\t\t\t\t\t<div class=\"elementor-container elementor-column-gap-no\">\n\t\t\t\t\t<div class=\"elementor-column elementor-col-50 elementor-top-column elementor-element elementor-element-b1de414\" data-id=\"b1de414\" data-element_type=\"column\" data-settings=\"{&quot;background_background&quot;:&quot;classic&quot;}\">\n\t\t\t<div class=\"elementor-widget-wrap elementor-element-populated\">\n\t\t\t\t\t\t<div class=\"elementor-element elementor-element-757d8af elementor-widget elementor-widget-heading\" data-id=\"757d8af\" data-element_type=\"widget\" data-widget_type=\"heading.default\">\n\t\t\t\t<div class=\"elementor-widget-container\">\n\t\t\t<h3 class=\"elementor-heading-title elementor-size-default\">ESCR\u00cdBENOS<\/h3>\t\t<\/div>\n\t\t\t\t<\/div>\n\t\t\t\t<div class=\"elementor-element elementor-element-5545211 elementor-widget elementor-widget-wpforms\" data-id=\"5545211\" data-element_type=\"widget\" data-widget_type=\"wpforms.default\">\n\t\t\t\t<div class=\"elementor-widget-container\">\n\t\t\t<div class=\"wpforms-container \" id=\"wpforms-1971\"><form id=\"wpforms-form-1971\" class=\"wpforms-validate wpforms-form\" data-formid=\"1971\" method=\"post\" enctype=\"multipart\/form-data\" action=\"\/index.php\/wp-json\/wp\/v2\/pages\/1194\" data-token=\"fe2127f086d0ac10bc7d39af5c78f82b\"><noscript class=\"wpforms-error-noscript\">Por favor, activa JavaScript en tu navegador para completar este formulario.<\/noscript><div class=\"wpforms-field-container\"><div id=\"wpforms-1971-field_0-container\" class=\"wpforms-field wpforms-field-name\" data-field-id=\"0\"><label class=\"wpforms-field-label wpforms-label-hide\" for=\"wpforms-1971-field_0\">Nombre <span class=\"wpforms-required-label\">*<\/span><\/label><div class=\"wpforms-field-row wpforms-field-large\"><div class=\"wpforms-field-row-block wpforms-first wpforms-one-half\"><input type=\"text\" id=\"wpforms-1971-field_0\" class=\"wpforms-field-name-first wpforms-field-required\" name=\"wpforms[fields][0][first]\" placeholder=\"Nombre\" required><label for=\"wpforms-1971-field_0\" class=\"wpforms-field-sublabel after wpforms-sublabel-hide\">Nombre<\/label><\/div><div class=\"wpforms-field-row-block wpforms-one-half\"><input type=\"text\" id=\"wpforms-1971-field_0-last\" class=\"wpforms-field-name-last wpforms-field-required\" name=\"wpforms[fields][0][last]\" placeholder=\"Apellido\" required><label for=\"wpforms-1971-field_0-last\" class=\"wpforms-field-sublabel after wpforms-sublabel-hide\">Apellidos<\/label><\/div><\/div><\/div><div id=\"wpforms-1971-field_1-container\" class=\"wpforms-field wpforms-field-email\" data-field-id=\"1\"><label class=\"wpforms-field-label wpforms-label-hide\" for=\"wpforms-1971-field_1\">Correo electr\u00f3nico <span class=\"wpforms-required-label\">*<\/span><\/label><input type=\"email\" id=\"wpforms-1971-field_1\" class=\"wpforms-field-large wpforms-field-required\" name=\"wpforms[fields][1]\" placeholder=\"Introduce la direcci\u00f3n de Correo Electr\u00f3nico\" required><\/div><div id=\"wpforms-1971-field_2-container\" class=\"wpforms-field wpforms-field-phone\" data-field-id=\"2\"><label class=\"wpforms-field-label wpforms-label-hide\" for=\"wpforms-1971-field_2\">Tel\u00e9fono<\/label><input type=\"tel\" id=\"wpforms-1971-field_2\" class=\"wpforms-field-large wpforms-smart-phone-field\" data-rule-smart-phone-field=\"true\" name=\"wpforms[fields][2]\" placeholder=\"Introduce tu tel\u00e9fono para comunicarnos contigo\" ><\/div><div id=\"wpforms-1971-field_3-container\" class=\"wpforms-field wpforms-field-textarea\" data-field-id=\"3\"><label class=\"wpforms-field-label wpforms-label-hide\" for=\"wpforms-1971-field_3\">Texto del p\u00e1rrafo<\/label><textarea id=\"wpforms-1971-field_3\" class=\"wpforms-field-large\" name=\"wpforms[fields][3]\" placeholder=\"\u00bfC\u00f3mo podemos ayudarte?\" ><\/textarea><\/div><\/div><div class=\"wpforms-recaptcha-container wpforms-is-recaptcha\"><div class=\"g-recaptcha\" data-sitekey=\"6Leri0cgAAAAAFuNTCvEfDkOha-f555jRgd9Sdd3\"><\/div><input type=\"text\" name=\"g-recaptcha-hidden\" class=\"wpforms-recaptcha-hidden\" style=\"position:absolute!important;clip:rect(0,0,0,0)!important;height:1px!important;width:1px!important;border:0!important;overflow:hidden!important;padding:0!important;margin:0!important;\" required><\/div><div class=\"wpforms-submit-container\"><input type=\"hidden\" name=\"wpforms[id]\" value=\"1971\"><input type=\"hidden\" name=\"wpforms[author]\" value=\"1\"><button type=\"submit\" name=\"wpforms[submit]\" id=\"wpforms-submit-1971\" class=\"wpforms-submit\" data-alt-text=\"Enviando...\" data-submit-text=\"Enviar\" aria-live=\"assertive\" value=\"wpforms-submit\">Enviar<\/button><\/div><\/form><\/div>  <!-- .wpforms-container -->\t\t<\/div>\n\t\t\t\t<\/div>\n\t\t\t\t\t<\/div>\n\t\t<\/div>\n\t\t\t\t<div class=\"elementor-column elementor-col-50 elementor-top-column elementor-element elementor-element-0c29888\" data-id=\"0c29888\" data-element_type=\"column\">\n\t\t\t<div class=\"elementor-widget-wrap elementor-element-populated\">\n\t\t\t\t\t\t<div class=\"elementor-element elementor-element-c20a8a6 elementor-widget elementor-widget-heading\" data-id=\"c20a8a6\" data-element_type=\"widget\" data-widget_type=\"heading.default\">\n\t\t\t\t<div class=\"elementor-widget-container\">\n\t\t\t<h3 class=\"elementor-heading-title elementor-size-default\">Datos de Contacto<\/h3>\t\t<\/div>\n\t\t\t\t<\/div>\n\t\t\t\t<div class=\"elementor-element elementor-element-ae4550c elementor-widget elementor-widget-heading\" data-id=\"ae4550c\" data-element_type=\"widget\" data-widget_type=\"heading.default\">\n\t\t\t\t<div class=\"elementor-widget-container\">\n\t\t\t<h5 class=\"elementor-heading-title elementor-size-default\">Horario de Atenci\u00f3n<\/h5>\t\t<\/div>\n\t\t\t\t<\/div>\n\t\t\t\t<div class=\"elementor-element elementor-element-85b2f3d elementor-widget elementor-widget-text-editor\" data-id=\"85b2f3d\" data-element_type=\"widget\" data-widget_type=\"text-editor.default\">\n\t\t\t\t<div class=\"elementor-widget-container\">\n\t\t\t<style>\/*! elementor - v3.22.0 - 26-06-2024 *\/\n.elementor-widget-text-editor.elementor-drop-cap-view-stacked .elementor-drop-cap{background-color:#69727d;color:#fff}.elementor-widget-text-editor.elementor-drop-cap-view-framed .elementor-drop-cap{color:#69727d;border:3px solid;background-color:transparent}.elementor-widget-text-editor:not(.elementor-drop-cap-view-default) .elementor-drop-cap{margin-top:8px}.elementor-widget-text-editor:not(.elementor-drop-cap-view-default) .elementor-drop-cap-letter{width:1em;height:1em}.elementor-widget-text-editor .elementor-drop-cap{float:left;text-align:center;line-height:1;font-size:50px}.elementor-widget-text-editor .elementor-drop-cap-letter{display:inline-block}<\/style>\t\t\t\t<p><span style=\"background-color: var( --e-global-color-astglobalcolor4 ); color: var(--ast-global-color-3); font-size: 1rem;\">Lunes a S\u00e1bado de\u00a0<\/span>09:00 AM &#8211; 08:00 PM<br \/><span style=\"font-style: inherit; font-weight: inherit; background-color: var( --e-global-color-astglobalcolor4 ); color: var(--ast-global-color-3);\">Domingo de 09:00 AM\u00a0 &#8211; 06:00PM<\/span><\/p>\t\t\t\t\t\t<\/div>\n\t\t\t\t<\/div>\n\t\t\t\t<div class=\"elementor-element elementor-element-787530a elementor-widget elementor-widget-heading\" data-id=\"787530a\" data-element_type=\"widget\" data-widget_type=\"heading.default\">\n\t\t\t\t<div class=\"elementor-widget-container\">\n\t\t\t<h5 class=\"elementor-heading-title elementor-size-default\">Ubicaci\u00f3n<\/h5>\t\t<\/div>\n\t\t\t\t<\/div>\n\t\t\t\t<div class=\"elementor-element elementor-element-9a9a60c elementor-widget elementor-widget-text-editor\" data-id=\"9a9a60c\" data-element_type=\"widget\" data-widget_type=\"text-editor.default\">\n\t\t\t\t<div class=\"elementor-widget-container\">\n\t\t\t\t\t\t\t<p><span style=\"color: #202124; font-family: arial, sans-serif;\"><span style=\"font-size: 14px;\">CARRERA 57 No. 99a \u2013 65 TORRE SUR &#8211; OFICINA 405<br \/><\/span><\/span><span style=\"font-size: 14px; color: #202124; font-family: arial, sans-serif; font-style: inherit; font-weight: inherit; background-color: var( --e-global-color-astglobalcolor4 );\">TORRES DEL ATL\u00c1NTICO<\/span><\/p>\t\t\t\t\t\t<\/div>\n\t\t\t\t<\/div>\n\t\t\t\t<div class=\"elementor-element elementor-element-f7d7782 elementor-widget elementor-widget-heading\" data-id=\"f7d7782\" data-element_type=\"widget\" data-widget_type=\"heading.default\">\n\t\t\t\t<div class=\"elementor-widget-container\">\n\t\t\t<h5 class=\"elementor-heading-title elementor-size-default\">Cont\u00e1ctanos<\/h5>\t\t<\/div>\n\t\t\t\t<\/div>\n\t\t\t\t<div class=\"elementor-element elementor-element-0fbc5ac elementor-widget elementor-widget-text-editor\" data-id=\"0fbc5ac\" data-element_type=\"widget\" data-widget_type=\"text-editor.default\">\n\t\t\t\t<div class=\"elementor-widget-container\">\n\t\t\t\t\t\t\t<p>Celular: (+57) 3044265799<br \/>Email: iphonecelquilla.co@gmail.com<\/p>\t\t\t\t\t\t<\/div>\n\t\t\t\t<\/div>\n\t\t\t\t\t<\/div>\n\t\t<\/div>\n\t\t\t\t\t<\/div>\n\t\t<\/section>\n\t\t\t\t<\/div>\n\t\t","protected":false},"excerpt":{"rendered":"<p>Cont\u00e1ctanos (+57) 304 426 5799 Env\u00edos Nacionales (+57) 300 600 8484 Garant\u00edas (+57) 324 562 8780 Compras por Mayor ESCR\u00cdBENOS Datos de Contacto Horario de Atenci\u00f3n Lunes a S\u00e1bado de\u00a009:00 AM &#8211; 08:00 PMDomingo de 09:00 AM\u00a0 &#8211; 06:00PM Ubicaci\u00f3n CARRERA 57 No. 99a \u2013 65 TORRE SUR &#8211; OFICINA 405TORRES DEL ATL\u00c1NTICO Cont\u00e1ctanos Celular: &hellip;<\/p>\n<p class=\"read-more\"> <a class=\"\" href=\"https:\/\/phonecelquilla.com\/index.php\/contactanos\/\"> <span class=\"screen-reader-text\">Contactanos<\/span> Leer m\u00e1s &raquo;<\/a><\/p>\n","protected":false},"author":1,"featured_media":0,"parent":0,"menu_order":0,"comment_status":"closed","ping_status":"closed","template":"","meta":{"site-sidebar-layout":"no-sidebar","site-content-layout":"page-builder","ast-global-header-display":"","ast-main-header-display":"","ast-hfb-above-header-display":"","ast-hfb-below-header-display":"","ast-hfb-mobile-header-display":"","site-post-title":"disabled","ast-breadcrumbs-content":"disabled","ast-featured-img":"disabled","footer-sml-layout":"","theme-transparent-header-meta":"enabled","adv-header-id-meta":"","stick-header-meta":"","header-above-stick-meta":"","header-main-stick-meta":"","header-below-stick-meta":"","footnotes":""},"yoast_head":"<!-- This site is optimized with the Yoast SEO Premium plugin v18.4 (Yoast SEO v22.9) - https:\/\/yoast.com\/wordpress\/plugins\/seo\/ -->\n<title>Contactanos - IPHONECELQUILLA<\/title>\n<meta name=\"robots\" content=\"index, follow, max-snippet:-1, max-image-preview:large, max-video-preview:-1\" \/>\n<link rel=\"canonical\" href=\"https:\/\/phonecelquilla.com\/index.php\/contactanos\/\" \/>\n<meta property=\"og:locale\" content=\"es_ES\" \/>\n<meta property=\"og:type\" content=\"article\" \/>\n<meta property=\"og:title\" content=\"Contactanos\" \/>\n<meta property=\"og:description\" content=\"Cont\u00e1ctanos (+57) 304 426 5799 Env\u00edos Nacionales (+57) 300 600 8484 Garant\u00edas (+57) 324 562 8780 Compras por Mayor ESCR\u00cdBENOS Datos de Contacto Horario de Atenci\u00f3n Lunes a S\u00e1bado de\u00a009:00 AM &#8211; 08:00 PMDomingo de 09:00 AM\u00a0 &#8211; 06:00PM Ubicaci\u00f3n CARRERA 57 No. 99a \u2013 65 TORRE SUR &#8211; OFICINA 405TORRES DEL ATL\u00c1NTICO Cont\u00e1ctanos Celular: &hellip; Contactanos Leer m\u00e1s &raquo;\" \/>\n<meta property=\"og:url\" content=\"https:\/\/phonecelquilla.com\/index.php\/contactanos\/\" \/>\n<meta property=\"og:site_name\" content=\"IPHONECELQUILLA\" \/>\n<meta property=\"article:modified_time\" content=\"2024-02-08T23:58:42+00:00\" \/>\n<meta name=\"twitter:card\" content=\"summary_large_image\" \/>\n<meta name=\"twitter:label1\" content=\"Tiempo de lectura\" \/>\n\t<meta name=\"twitter:data1\" content=\"1 minuto\" \/>\n<script type=\"application\/ld+json\" class=\"yoast-schema-graph\">{\"@context\":\"https:\/\/schema.org\",\"@graph\":[{\"@type\":\"WebPage\",\"@id\":\"https:\/\/phonecelquilla.com\/index.php\/contactanos\/\",\"url\":\"https:\/\/phonecelquilla.com\/index.php\/contactanos\/\",\"name\":\"Contactanos - IPHONECELQUILLA\",\"isPartOf\":{\"@id\":\"https:\/\/phonecelquilla.com\/#website\"},\"datePublished\":\"2021-03-17T08:59:16+00:00\",\"dateModified\":\"2024-02-08T23:58:42+00:00\",\"breadcrumb\":{\"@id\":\"https:\/\/phonecelquilla.com\/index.php\/contactanos\/#breadcrumb\"},\"inLanguage\":\"es\",\"potentialAction\":[{\"@type\":\"ReadAction\",\"target\":[\"https:\/\/phonecelquilla.com\/index.php\/contactanos\/\"]}]},{\"@type\":\"BreadcrumbList\",\"@id\":\"https:\/\/phonecelquilla.com\/index.php\/contactanos\/#breadcrumb\",\"itemListElement\":[{\"@type\":\"ListItem\",\"position\":1,\"name\":\"Home\",\"item\":\"https:\/\/phonecelquilla.com\/\"},{\"@type\":\"ListItem\",\"position\":2,\"name\":\"Contactanos\"}]},{\"@type\":\"WebSite\",\"@id\":\"https:\/\/phonecelquilla.com\/#website\",\"url\":\"https:\/\/phonecelquilla.com\/\",\"name\":\"IPHONECELQUILLA\",\"description\":\"TICO DIAZ - CELULARES IPHONE\",\"publisher\":{\"@id\":\"https:\/\/phonecelquilla.com\/#\/schema\/person\/aa490c8a7ffb7b918ca88b527c6b9b06\"},\"potentialAction\":[{\"@type\":\"SearchAction\",\"target\":{\"@type\":\"EntryPoint\",\"urlTemplate\":\"https:\/\/phonecelquilla.com\/?s={search_term_string}\"},\"query-input\":\"required name=search_term_string\"}],\"inLanguage\":\"es\"},{\"@type\":[\"Person\",\"Organization\"],\"@id\":\"https:\/\/phonecelquilla.com\/#\/schema\/person\/aa490c8a7ffb7b918ca88b527c6b9b06\",\"name\":\"Admin\",\"image\":{\"@type\":\"ImageObject\",\"inLanguage\":\"es\",\"@id\":\"https:\/\/phonecelquilla.com\/#\/schema\/person\/image\/\",\"url\":\"https:\/\/phonecelquilla.com\/wp-content\/uploads\/2022\/05\/PERFIL2.jpeg\",\"contentUrl\":\"https:\/\/phonecelquilla.com\/wp-content\/uploads\/2022\/05\/PERFIL2.jpeg\",\"width\":1140,\"height\":1347,\"caption\":\"Admin\"},\"logo\":{\"@id\":\"https:\/\/phonecelquilla.com\/#\/schema\/person\/image\/\"}}]}<\/script>\n<!-- \/ Yoast SEO Premium plugin. -->","yoast_head_json":{"title":"Contactanos - IPHONECELQUILLA","robots":{"index":"index","follow":"follow","max-snippet":"max-snippet:-1","max-image-preview":"max-image-preview:large","max-video-preview":"max-video-preview:-1"},"canonical":"https:\/\/phonecelquilla.com\/index.php\/contactanos\/","og_locale":"es_ES","og_type":"article","og_title":"Contactanos","og_description":"Cont\u00e1ctanos (+57) 304 426 5799 Env\u00edos Nacionales (+57) 300 600 8484 Garant\u00edas (+57) 324 562 8780 Compras por Mayor ESCR\u00cdBENOS Datos de Contacto Horario de Atenci\u00f3n Lunes a S\u00e1bado de\u00a009:00 AM &#8211; 08:00 PMDomingo de 09:00 AM\u00a0 &#8211; 06:00PM Ubicaci\u00f3n CARRERA 57 No. 99a \u2013 65 TORRE SUR &#8211; OFICINA 405TORRES DEL ATL\u00c1NTICO Cont\u00e1ctanos Celular: &hellip; Contactanos Leer m\u00e1s &raquo;","og_url":"https:\/\/phonecelquilla.com\/index.php\/contactanos\/","og_site_name":"IPHONECELQUILLA","article_modified_time":"2024-02-08T23:58:42+00:00","twitter_card":"summary_large_image","twitter_misc":{"Tiempo de lectura":"1 minuto"},"schema":{"@context":"https:\/\/schema.org","@graph":[{"@type":"WebPage","@id":"https:\/\/phonecelquilla.com\/index.php\/contactanos\/","url":"https:\/\/phonecelquilla.com\/index.php\/contactanos\/","name":"Contactanos - IPHONECELQUILLA","isPartOf":{"@id":"https:\/\/phonecelquilla.com\/#website"},"datePublished":"2021-03-17T08:59:16+00:00","dateModified":"2024-02-08T23:58:42+00:00","breadcrumb":{"@id":"https:\/\/phonecelquilla.com\/index.php\/contactanos\/#breadcrumb"},"inLanguage":"es","potentialAction":[{"@type":"ReadAction","target":["https:\/\/phonecelquilla.com\/index.php\/contactanos\/"]}]},{"@type":"BreadcrumbList","@id":"https:\/\/phonecelquilla.com\/index.php\/contactanos\/#breadcrumb","itemListElement":[{"@type":"ListItem","position":1,"name":"Home","item":"https:\/\/phonecelquilla.com\/"},{"@type":"ListItem","position":2,"name":"Contactanos"}]},{"@type":"WebSite","@id":"https:\/\/phonecelquilla.com\/#website","url":"https:\/\/phonecelquilla.com\/","name":"IPHONECELQUILLA","description":"TICO DIAZ - CELULARES IPHONE","publisher":{"@id":"https:\/\/phonecelquilla.com\/#\/schema\/person\/aa490c8a7ffb7b918ca88b527c6b9b06"},"potentialAction":[{"@type":"SearchAction","target":{"@type":"EntryPoint","urlTemplate":"https:\/\/phonecelquilla.com\/?s={search_term_string}"},"query-input":"required name=search_term_string"}],"inLanguage":"es"},{"@type":["Person","Organization"],"@id":"https:\/\/phonecelquilla.com\/#\/schema\/person\/aa490c8a7ffb7b918ca88b527c6b9b06","name":"Admin","image":{"@type":"ImageObject","inLanguage":"es","@id":"https:\/\/phonecelquilla.com\/#\/schema\/person\/image\/","url":"https:\/\/phonecelquilla.com\/wp-content\/uploads\/2022\/05\/PERFIL2.jpeg","contentUrl":"https:\/\/phonecelquilla.com\/wp-content\/uploads\/2022\/05\/PERFIL2.jpeg","width":1140,"height":1347,"caption":"Admin"},"logo":{"@id":"https:\/\/phonecelquilla.com\/#\/schema\/person\/image\/"}}]}},"_links":{"self":[{"href":"https:\/\/phonecelquilla.com\/index.php\/wp-json\/wp\/v2\/pages\/1194"}],"collection":[{"href":"https:\/\/phonecelquilla.com\/index.php\/wp-json\/wp\/v2\/pages"}],"about":[{"href":"https:\/\/phonecelquilla.com\/index.php\/wp-json\/wp\/v2\/types\/page"}],"author":[{"embeddable":true,"href":"https:\/\/phonecelquilla.com\/index.php\/wp-json\/wp\/v2\/users\/1"}],"replies":[{"embeddable":true,"href":"https:\/\/phonecelquilla.com\/index.php\/wp-json\/wp\/v2\/comments?post=1194"}],"version-history":[{"count":71,"href":"https:\/\/phonecelquilla.com\/index.php\/wp-json\/wp\/v2\/pages\/1194\/revisions"}],"predecessor-version":[{"id":2230,"href":"https:\/\/phonecelquilla.com\/index.php\/wp-json\/wp\/v2\/pages\/1194\/revisions\/2230"}],"wp:attachment":[{"href":"https:\/\/phonecelquilla.com\/index.php\/wp-json\/wp\/v2\/media?parent=1194"}],"curies":[{"name":"wp","href":"https:\/\/api.w.org\/{rel}","templated":true}]}}