{"id":2,"date":"2022-04-15T16:09:04","date_gmt":"2022-04-15T16:09:04","guid":{"rendered":"https:\/\/phonecelquilla.com\/?page_id=2"},"modified":"2022-05-04T02:35:56","modified_gmt":"2022-05-04T02:35:56","slug":"pagina-ejemplo","status":"publish","type":"page","link":"https:\/\/phonecelquilla.com\/index.php\/pagina-ejemplo\/","title":{"rendered":"\u00bfQUI\u00c9NES SOMOS?"},"content":{"rendered":"\t\t<div data-elementor-type=\"wp-page\" data-elementor-id=\"2\" class=\"elementor elementor-2\">\n\t\t\t\t\t\t<section class=\"elementor-section elementor-top-section elementor-element elementor-element-5a3e9dce elementor-section-boxed elementor-section-height-default elementor-section-height-default\" data-id=\"5a3e9dce\" data-element_type=\"section\">\n\t\t\t\t\t\t<div class=\"elementor-container elementor-column-gap-default\">\n\t\t\t\t\t<div class=\"elementor-column elementor-col-100 elementor-top-column elementor-element elementor-element-16e9769d\" data-id=\"16e9769d\" data-element_type=\"column\">\n\t\t\t<div class=\"elementor-widget-wrap elementor-element-populated\">\n\t\t\t\t\t\t<div class=\"elementor-element elementor-element-290f1b21 elementor-widget elementor-widget-text-editor\" data-id=\"290f1b21\" data-element_type=\"widget\" data-widget_type=\"text-editor.default\">\n\t\t\t\t<div class=\"elementor-widget-container\">\n\t\t\t<style>\/*! elementor - v3.22.0 - 26-06-2024 *\/\n.elementor-widget-text-editor.elementor-drop-cap-view-stacked .elementor-drop-cap{background-color:#69727d;color:#fff}.elementor-widget-text-editor.elementor-drop-cap-view-framed .elementor-drop-cap{color:#69727d;border:3px solid;background-color:transparent}.elementor-widget-text-editor:not(.elementor-drop-cap-view-default) .elementor-drop-cap{margin-top:8px}.elementor-widget-text-editor:not(.elementor-drop-cap-view-default) .elementor-drop-cap-letter{width:1em;height:1em}.elementor-widget-text-editor .elementor-drop-cap{float:left;text-align:center;line-height:1;font-size:50px}.elementor-widget-text-editor .elementor-drop-cap-letter{display:inline-block}<\/style>\t\t\t\t<p><!-- wp:paragraph --><\/p>\n<p>Somos una empresa Barranquillera dedicada a la comercializaci\u00f3n de tel\u00e9fonos celulares de alta gama y\u00a0 tecnolog\u00eda Apple a nivel nacional, Contamos Con Mas De 10 A\u00f1os en el mercado brind\u00e1ndole a nuestros clientes confianza y garant\u00eda en sus compras , Lo que nos posiciona como la Tienda Virtual\u00a0 #1 en ventas en toda Colombia.<\/p>\n<p><!-- \/wp:paragraph --><\/p>\t\t\t\t\t\t<\/div>\n\t\t\t\t<\/div>\n\t\t\t\t\t<\/div>\n\t\t<\/div>\n\t\t\t\t\t<\/div>\n\t\t<\/section>\n\t\t\t\t<\/div>\n\t\t","protected":false},"excerpt":{"rendered":"<p>Somos una empresa Barranquillera dedicada a la comercializaci\u00f3n de tel\u00e9fonos celulares de alta gama y\u00a0 tecnolog\u00eda Apple a nivel nacional, Contamos Con Mas De 10 A\u00f1os en el mercado brind\u00e1ndole a nuestros clientes confianza y garant\u00eda en sus compras , Lo que nos posiciona como la Tienda Virtual\u00a0 #1 en ventas en toda Colombia.<\/p>\n","protected":false},"author":1,"featured_media":0,"parent":0,"menu_order":0,"comment_status":"closed","ping_status":"open","template":"","meta":{"site-sidebar-layout":"default","site-content-layout":"default","ast-global-header-display":"","ast-main-header-display":"","ast-hfb-above-header-display":"","ast-hfb-below-header-display":"","ast-hfb-mobile-header-display":"","site-post-title":"","ast-breadcrumbs-content":"","ast-featured-img":"","footer-sml-layout":"","theme-transparent-header-meta":"","adv-header-id-meta":"","stick-header-meta":"","header-above-stick-meta":"","header-main-stick-meta":"","header-below-stick-meta":"","footnotes":""},"yoast_head":"<!-- This site is optimized with the Yoast SEO Premium plugin v18.4 (Yoast SEO v22.9) - https:\/\/yoast.com\/wordpress\/plugins\/seo\/ -->\n<title>\u00bfQUI\u00c9NES SOMOS? - IPHONECELQUILLA<\/title>\n<meta name=\"robots\" content=\"index, follow, max-snippet:-1, max-image-preview:large, max-video-preview:-1\" \/>\n<link rel=\"canonical\" href=\"https:\/\/phonecelquilla.com\/index.php\/pagina-ejemplo\/\" \/>\n<meta property=\"og:locale\" content=\"es_ES\" \/>\n<meta property=\"og:type\" content=\"article\" \/>\n<meta property=\"og:title\" content=\"\u00bfQUI\u00c9NES SOMOS?\" \/>\n<meta property=\"og:description\" content=\"Somos una empresa Barranquillera dedicada a la comercializaci\u00f3n de tel\u00e9fonos celulares de alta gama y\u00a0 tecnolog\u00eda Apple a nivel nacional, Contamos Con Mas De 10 A\u00f1os en el mercado brind\u00e1ndole a nuestros clientes confianza y garant\u00eda en sus compras , Lo que nos posiciona como la Tienda Virtual\u00a0 #1 en ventas en toda Colombia.\" \/>\n<meta property=\"og:url\" content=\"https:\/\/phonecelquilla.com\/index.php\/pagina-ejemplo\/\" \/>\n<meta property=\"og:site_name\" content=\"IPHONECELQUILLA\" \/>\n<meta property=\"article:modified_time\" content=\"2022-05-04T02:35:56+00:00\" \/>\n<meta name=\"twitter:card\" content=\"summary_large_image\" \/>\n<script type=\"application\/ld+json\" class=\"yoast-schema-graph\">{\"@context\":\"https:\/\/schema.org\",\"@graph\":[{\"@type\":\"WebPage\",\"@id\":\"https:\/\/phonecelquilla.com\/index.php\/pagina-ejemplo\/\",\"url\":\"https:\/\/phonecelquilla.com\/index.php\/pagina-ejemplo\/\",\"name\":\"\u00bfQUI\u00c9NES SOMOS? - IPHONECELQUILLA\",\"isPartOf\":{\"@id\":\"https:\/\/phonecelquilla.com\/#website\"},\"datePublished\":\"2022-04-15T16:09:04+00:00\",\"dateModified\":\"2022-05-04T02:35:56+00:00\",\"breadcrumb\":{\"@id\":\"https:\/\/phonecelquilla.com\/index.php\/pagina-ejemplo\/#breadcrumb\"},\"inLanguage\":\"es\",\"potentialAction\":[{\"@type\":\"ReadAction\",\"target\":[\"https:\/\/phonecelquilla.com\/index.php\/pagina-ejemplo\/\"]}]},{\"@type\":\"BreadcrumbList\",\"@id\":\"https:\/\/phonecelquilla.com\/index.php\/pagina-ejemplo\/#breadcrumb\",\"itemListElement\":[{\"@type\":\"ListItem\",\"position\":1,\"name\":\"Home\",\"item\":\"https:\/\/phonecelquilla.com\/\"},{\"@type\":\"ListItem\",\"position\":2,\"name\":\"\u00bfQUI\u00c9NES SOMOS?\"}]},{\"@type\":\"WebSite\",\"@id\":\"https:\/\/phonecelquilla.com\/#website\",\"url\":\"https:\/\/phonecelquilla.com\/\",\"name\":\"IPHONECELQUILLA\",\"description\":\"TICO DIAZ - CELULARES IPHONE\",\"publisher\":{\"@id\":\"https:\/\/phonecelquilla.com\/#\/schema\/person\/aa490c8a7ffb7b918ca88b527c6b9b06\"},\"potentialAction\":[{\"@type\":\"SearchAction\",\"target\":{\"@type\":\"EntryPoint\",\"urlTemplate\":\"https:\/\/phonecelquilla.com\/?s={search_term_string}\"},\"query-input\":\"required name=search_term_string\"}],\"inLanguage\":\"es\"},{\"@type\":[\"Person\",\"Organization\"],\"@id\":\"https:\/\/phonecelquilla.com\/#\/schema\/person\/aa490c8a7ffb7b918ca88b527c6b9b06\",\"name\":\"Admin\",\"image\":{\"@type\":\"ImageObject\",\"inLanguage\":\"es\",\"@id\":\"https:\/\/phonecelquilla.com\/#\/schema\/person\/image\/\",\"url\":\"https:\/\/phonecelquilla.com\/wp-content\/uploads\/2022\/05\/PERFIL2.jpeg\",\"contentUrl\":\"https:\/\/phonecelquilla.com\/wp-content\/uploads\/2022\/05\/PERFIL2.jpeg\",\"width\":1140,\"height\":1347,\"caption\":\"Admin\"},\"logo\":{\"@id\":\"https:\/\/phonecelquilla.com\/#\/schema\/person\/image\/\"}}]}<\/script>\n<!-- \/ Yoast SEO Premium plugin. -->","yoast_head_json":{"title":"\u00bfQUI\u00c9NES SOMOS? - IPHONECELQUILLA","robots":{"index":"index","follow":"follow","max-snippet":"max-snippet:-1","max-image-preview":"max-image-preview:large","max-video-preview":"max-video-preview:-1"},"canonical":"https:\/\/phonecelquilla.com\/index.php\/pagina-ejemplo\/","og_locale":"es_ES","og_type":"article","og_title":"\u00bfQUI\u00c9NES SOMOS?","og_description":"Somos una empresa Barranquillera dedicada a la comercializaci\u00f3n de tel\u00e9fonos celulares de alta gama y\u00a0 tecnolog\u00eda Apple a nivel nacional, Contamos Con Mas De 10 A\u00f1os en el mercado brind\u00e1ndole a nuestros clientes confianza y garant\u00eda en sus compras , Lo que nos posiciona como la Tienda Virtual\u00a0 #1 en ventas en toda Colombia.","og_url":"https:\/\/phonecelquilla.com\/index.php\/pagina-ejemplo\/","og_site_name":"IPHONECELQUILLA","article_modified_time":"2022-05-04T02:35:56+00:00","twitter_card":"summary_large_image","schema":{"@context":"https:\/\/schema.org","@graph":[{"@type":"WebPage","@id":"https:\/\/phonecelquilla.com\/index.php\/pagina-ejemplo\/","url":"https:\/\/phonecelquilla.com\/index.php\/pagina-ejemplo\/","name":"\u00bfQUI\u00c9NES SOMOS? - IPHONECELQUILLA","isPartOf":{"@id":"https:\/\/phonecelquilla.com\/#website"},"datePublished":"2022-04-15T16:09:04+00:00","dateModified":"2022-05-04T02:35:56+00:00","breadcrumb":{"@id":"https:\/\/phonecelquilla.com\/index.php\/pagina-ejemplo\/#breadcrumb"},"inLanguage":"es","potentialAction":[{"@type":"ReadAction","target":["https:\/\/phonecelquilla.com\/index.php\/pagina-ejemplo\/"]}]},{"@type":"BreadcrumbList","@id":"https:\/\/phonecelquilla.com\/index.php\/pagina-ejemplo\/#breadcrumb","itemListElement":[{"@type":"ListItem","position":1,"name":"Home","item":"https:\/\/phonecelquilla.com\/"},{"@type":"ListItem","position":2,"name":"\u00bfQUI\u00c9NES SOMOS?"}]},{"@type":"WebSite","@id":"https:\/\/phonecelquilla.com\/#website","url":"https:\/\/phonecelquilla.com\/","name":"IPHONECELQUILLA","description":"TICO DIAZ - CELULARES IPHONE","publisher":{"@id":"https:\/\/phonecelquilla.com\/#\/schema\/person\/aa490c8a7ffb7b918ca88b527c6b9b06"},"potentialAction":[{"@type":"SearchAction","target":{"@type":"EntryPoint","urlTemplate":"https:\/\/phonecelquilla.com\/?s={search_term_string}"},"query-input":"required name=search_term_string"}],"inLanguage":"es"},{"@type":["Person","Organization"],"@id":"https:\/\/phonecelquilla.com\/#\/schema\/person\/aa490c8a7ffb7b918ca88b527c6b9b06","name":"Admin","image":{"@type":"ImageObject","inLanguage":"es","@id":"https:\/\/phonecelquilla.com\/#\/schema\/person\/image\/","url":"https:\/\/phonecelquilla.com\/wp-content\/uploads\/2022\/05\/PERFIL2.jpeg","contentUrl":"https:\/\/phonecelquilla.com\/wp-content\/uploads\/2022\/05\/PERFIL2.jpeg","width":1140,"height":1347,"caption":"Admin"},"logo":{"@id":"https:\/\/phonecelquilla.com\/#\/schema\/person\/image\/"}}]}},"_links":{"self":[{"href":"https:\/\/phonecelquilla.com\/index.php\/wp-json\/wp\/v2\/pages\/2"}],"collection":[{"href":"https:\/\/phonecelquilla.com\/index.php\/wp-json\/wp\/v2\/pages"}],"about":[{"href":"https:\/\/phonecelquilla.com\/index.php\/wp-json\/wp\/v2\/types\/page"}],"author":[{"embeddable":true,"href":"https:\/\/phonecelquilla.com\/index.php\/wp-json\/wp\/v2\/users\/1"}],"replies":[{"embeddable":true,"href":"https:\/\/phonecelquilla.com\/index.php\/wp-json\/wp\/v2\/comments?post=2"}],"version-history":[{"count":11,"href":"https:\/\/phonecelquilla.com\/index.php\/wp-json\/wp\/v2\/pages\/2\/revisions"}],"predecessor-version":[{"id":89,"href":"https:\/\/phonecelquilla.com\/index.php\/wp-json\/wp\/v2\/pages\/2\/revisions\/89"}],"wp:attachment":[{"href":"https:\/\/phonecelquilla.com\/index.php\/wp-json\/wp\/v2\/media?parent=2"}],"curies":[{"name":"wp","href":"https:\/\/api.w.org\/{rel}","templated":true}]}}